{"id":1783,"date":"2020-01-27T12:32:41","date_gmt":"2020-01-27T11:32:41","guid":{"rendered":"https:\/\/voleimasters.cat\/lliga\/?page_id=1783"},"modified":"2020-01-27T12:32:41","modified_gmt":"2020-01-27T11:32:41","slug":"informacio-de-premia-blau","status":"publish","type":"page","link":"https:\/\/voleimasters.cat\/lliga\/informacio-de-premia-blau\/","title":{"rendered":"Informaci\u00f3 de Premi\u00e0 Blau"},"content":{"rendered":"<p>Aquest equip comen\u00e7a la temporada 19\/20 Fase2 i ocupa la pla\u00e7a del Premi\u00e0 Vermell de la Primera Fase.<\/p>\n","protected":false},"excerpt":{"rendered":"<p>Aquest equip comen\u00e7a la temporada 19\/20 Fase2 i ocupa la pla\u00e7a del Premi\u00e0 Vermell de la Primera Fase.<\/p>\n","protected":false},"author":4,"featured_media":0,"parent":0,"menu_order":0,"comment_status":"closed","ping_status":"closed","template":"","meta":{"jetpack_post_was_ever_published":false,"footnotes":""},"class_list":["post-1783","page","type-page","status-publish","hentry"],"jetpack_sharing_enabled":true,"jetpack_shortlink":"https:\/\/wp.me\/PalTCX-sL","jetpack-related-posts":[{"id":1779,"url":"https:\/\/voleimasters.cat\/lliga\/historic-de-premia-blau\/","url_meta":{"origin":1783,"position":0},"title":"Hist\u00f2ric de Premi\u00e0 Blau","author":"Admin Voleimasters","date":"27\/01\/2020","format":false,"excerpt":"Aquest equip va comen\u00e7ar la regona Fase de la temporada 19\/20 i va ocupar el bloc del Premi\u00e0 Vermell a Categoria Plata.","rel":"","context":"Entrada similar","block_context":{"text":"Entrada similar","link":""},"img":{"alt_text":"","src":"","width":0,"height":0},"classes":[]},{"id":245,"url":"https:\/\/voleimasters.cat\/lliga\/premia\/","url_meta":{"origin":1783,"position":1},"title":"Informaci\u00f3 de CV Premi\u00e0 de Dalt","author":"voleimasters_webmaster","date":"06\/10\/2018","format":false,"excerpt":"\u00a0 TEMPORADA 24\/25 Fase 2: TEMPORADA 24\/25 Fase 1: TEMPORADA 23\/24 Fase 2: TEMPORADA 23\/24 Fase 1: 21\/22 Fase 2: Podeu Accedir a Temporades o Fases Anteriors AQUI.","rel":"","context":"Entrada similar","block_context":{"text":"Entrada similar","link":""},"img":{"alt_text":"","src":"https:\/\/i0.wp.com\/voleimasters.cat\/lliga\/wp-content\/uploads\/2024\/04\/Trajectoria-Equips-4.png?resize=350%2C200&ssl=1","width":350,"height":200,"srcset":"https:\/\/i0.wp.com\/voleimasters.cat\/lliga\/wp-content\/uploads\/2024\/04\/Trajectoria-Equips-4.png?resize=350%2C200&ssl=1 1x, https:\/\/i0.wp.com\/voleimasters.cat\/lliga\/wp-content\/uploads\/2024\/04\/Trajectoria-Equips-4.png?resize=525%2C300&ssl=1 1.5x, https:\/\/i0.wp.com\/voleimasters.cat\/lliga\/wp-content\/uploads\/2024\/04\/Trajectoria-Equips-4.png?resize=700%2C400&ssl=1 2x, https:\/\/i0.wp.com\/voleimasters.cat\/lliga\/wp-content\/uploads\/2024\/04\/Trajectoria-Equips-4.png?resize=1050%2C600&ssl=1 3x"},"classes":[]},{"id":1200,"url":"https:\/\/voleimasters.cat\/lliga\/historic-de-premia\/","url_meta":{"origin":1783,"position":2},"title":"Hist\u00f2ric de Premi\u00e0 Vermell","author":"voleimasters_webmaster","date":"08\/02\/2019","format":false,"excerpt":"Temporada 18\/19 Fase 1:","rel":"","context":"Entrada similar","block_context":{"text":"Entrada similar","link":""},"img":{"alt_text":"","src":"","width":0,"height":0},"classes":[]},{"id":150,"url":"https:\/\/voleimasters.cat\/lliga\/plata\/","url_meta":{"origin":1783,"position":3},"title":"Grup PLATA","author":"voleimasters_webmaster","date":"18\/09\/2018","format":false,"excerpt":"TEMPORADA 25-26 FASE 2: TEMPORADA 25-26 FASE 1: TEMPORADA 24-25 FASE 1: TEMPORADA 23-24 FASE 2: TEMPORADA 23-24 FASE 1: TEMPORADA 22-23 FASE 2: TEMPORADA 22-23 FASE 1: TEMPORADA 21-22 FASE 2: \u00a0 PANDEMIA TEMPORADA 19-20 FASE 2: TEMPORADA 19-20 FASE 1: \u00a0 TEMPORADA 18-19 Finals plata: 1 \u2013 Acad\u00e8mia\u2026","rel":"","context":"Entrada similar","block_context":{"text":"Entrada similar","link":""},"img":{"alt_text":"","src":"","width":0,"height":0},"classes":[]},{"id":1134,"url":"https:\/\/voleimasters.cat\/lliga\/historic-academia-a\/","url_meta":{"origin":1783,"position":4},"title":"Hist\u00f2ric Academia A","author":"voleimasters_webmaster","date":"08\/02\/2019","format":false,"excerpt":"Temporada 21\/22 Fase 2 (OR): Temporada 21\/22 Fase 1 (PLATA): Temporada 19\/20 Fase 2: (PLATA) Temporada 19\/20 Fase 1: (OR) Temporada 18\/19 Fase 2: (OR) Temporada 18\/19 Fase 1: (PLATA)","rel":"","context":"Entrada similar","block_context":{"text":"Entrada similar","link":""},"img":{"alt_text":"","src":"","width":0,"height":0},"classes":[]},{"id":1144,"url":"https:\/\/voleimasters.cat\/lliga\/historic-amunt-sinera\/","url_meta":{"origin":1783,"position":5},"title":"Hist\u00f2ric Amunt Sinera","author":"voleimasters_webmaster","date":"08\/02\/2019","format":false,"excerpt":"Temporada 19\/20 Fase 2: (OR) Temporada 19\/20 Fase 1: (OR) Temporada 18\/19 Fase 2: (OR) Temporada 18\/19 Fase 1: (OR) \u00a0","rel":"","context":"Entrada similar","block_context":{"text":"Entrada similar","link":""},"img":{"alt_text":"","src":"","width":0,"height":0},"classes":[]}],"jetpack_likes_enabled":false,"_links":{"self":[{"href":"https:\/\/voleimasters.cat\/lliga\/wp-json\/wp\/v2\/pages\/1783","targetHints":{"allow":["GET"]}}],"collection":[{"href":"https:\/\/voleimasters.cat\/lliga\/wp-json\/wp\/v2\/pages"}],"about":[{"href":"https:\/\/voleimasters.cat\/lliga\/wp-json\/wp\/v2\/types\/page"}],"author":[{"embeddable":true,"href":"https:\/\/voleimasters.cat\/lliga\/wp-json\/wp\/v2\/users\/4"}],"replies":[{"embeddable":true,"href":"https:\/\/voleimasters.cat\/lliga\/wp-json\/wp\/v2\/comments?post=1783"}],"version-history":[{"count":1,"href":"https:\/\/voleimasters.cat\/lliga\/wp-json\/wp\/v2\/pages\/1783\/revisions"}],"predecessor-version":[{"id":1784,"href":"https:\/\/voleimasters.cat\/lliga\/wp-json\/wp\/v2\/pages\/1783\/revisions\/1784"}],"wp:attachment":[{"href":"https:\/\/voleimasters.cat\/lliga\/wp-json\/wp\/v2\/media?parent=1783"}],"curies":[{"name":"wp","href":"https:\/\/api.w.org\/{rel}","templated":true}]}}