{"id":2,"date":"2018-09-17T11:01:14","date_gmt":"2018-09-17T11:01:14","guid":{"rendered":"https:\/\/voleimasters.cat\/lliga\/?page_id=2"},"modified":"2019-10-02T10:01:23","modified_gmt":"2019-10-02T09:01:23","slug":"contacte","status":"publish","type":"page","link":"https:\/\/voleimasters.cat\/lliga\/contacte\/","title":{"rendered":"Contacte"},"content":{"rendered":"<div class=\"style\">\n<p class=\"Body\">Aquesta \u00e9s la web de la Lliga M\u00e0sters de Catalunya de V\u00f2lei per a Adults i Veterans organitzada pel <a title=\"http:\/\/www.cevo.cat\/\" href=\"http:\/\/www.cevo.cat\/\">CEVO<\/a> i per <a title=\"http:\/\/www.eduvolei.cat\/\" href=\"http:\/\/www.eduvolei.cat\/\">Eduvolei<\/a> .<\/p>\n<p><img data-recalc-dims=\"1\" loading=\"lazy\" decoding=\"async\" data-attachment-id=\"135\" data-permalink=\"https:\/\/voleimasters.cat\/lliga\/logos-cevo\/\" data-orig-file=\"https:\/\/i0.wp.com\/voleimasters.cat\/lliga\/wp-content\/uploads\/2018\/09\/logos-cevo-e1664176659341.png?fit=109%2C102&amp;ssl=1\" data-orig-size=\"109,102\" data-comments-opened=\"1\" data-image-meta=\"{&quot;aperture&quot;:&quot;0&quot;,&quot;credit&quot;:&quot;&quot;,&quot;camera&quot;:&quot;&quot;,&quot;caption&quot;:&quot;&quot;,&quot;created_timestamp&quot;:&quot;0&quot;,&quot;copyright&quot;:&quot;&quot;,&quot;focal_length&quot;:&quot;0&quot;,&quot;iso&quot;:&quot;0&quot;,&quot;shutter_speed&quot;:&quot;0&quot;,&quot;title&quot;:&quot;&quot;,&quot;orientation&quot;:&quot;0&quot;}\" data-image-title=\"logos-cevo\" data-image-description=\"\" data-image-caption=\"\" data-large-file=\"https:\/\/i0.wp.com\/voleimasters.cat\/lliga\/wp-content\/uploads\/2018\/09\/logos-cevo-e1664176659341.png?fit=109%2C102&amp;ssl=1\" class=\"alignnone size-medium wp-image-135 aligncenter\" src=\"https:\/\/i0.wp.com\/voleimasters.cat\/lliga\/wp-content\/uploads\/2018\/09\/logos-cevo.png?resize=300%2C100&#038;ssl=1\" alt=\"\" width=\"300\" height=\"100\" \/><\/p>\n<p class=\"Body\">Anirem actualitzant la informaci\u00f3 a mida la vagi rebent. Tingueu paci\u00e8ncia. Si trobeu qualsevol errada o idea de millora no dubteu a contactar amb <a href=\"https:\/\/voleimasters.cat\/lliga\/sample-page\/\">mi<\/a>.<\/p>\n<p class=\"Body\">Contacte: <a title=\"mailto:info@voleimasters.cat?subject=Missatge desde web VoleiMasters\" href=\"mailto:info@voleimasters.cat?subject=Missatge%20desde%20web%20VoleiMasters\">info@voleimasters.cat<\/a><\/p>\n<\/div>\n<p>Web realitzada sense \u00e0nim de lucre per <a title=\"mailto:santi@rivelles.net?subject=Missatge desde la Web VoleiMasters.cat\" href=\"mailto:info@voleimasters.cat?subject=Missatge%20desde%20la%20Web%20VoleiMasters.cat\">Santi Rivelles<\/a><\/p>\n<div class=\"wpforms-container wpforms-container-full\" id=\"wpforms-271\"><form id=\"wpforms-form-271\" class=\"wpforms-validate wpforms-form\" data-formid=\"271\" method=\"post\" enctype=\"multipart\/form-data\" action=\"\/lliga\/wp-json\/wp\/v2\/pages\/2\" data-token=\"4d386f1e9b067cfc8068094f81e4decf\" data-token-time=\"1776025022\"><div class=\"wpforms-head-container\"><div class=\"wpforms-title\">Equips<\/div><div class=\"wpforms-description\">Formulari per donar dades dels equips.<\/div><\/div><noscript class=\"wpforms-error-noscript\">Activeu el JavaScript al navegador per a poder completar el formulari.<\/noscript><div class=\"wpforms-field-container\"><div id=\"wpforms-271-field_0-container\" class=\"wpforms-field wpforms-field-name\" data-field-id=\"0\"><label class=\"wpforms-field-label\" for=\"wpforms-271-field_0\">Nom Complet <span class=\"wpforms-required-label\">*<\/span><\/label><input type=\"text\" id=\"wpforms-271-field_0\" class=\"wpforms-field-small wpforms-field-required\" name=\"wpforms[fields][0]\" required><\/div><div id=\"wpforms-271-field_1-container\" class=\"wpforms-field wpforms-field-email\" data-field-id=\"1\"><label class=\"wpforms-field-label\" for=\"wpforms-271-field_1\">Email <span class=\"wpforms-required-label\">*<\/span><\/label><input type=\"email\" id=\"wpforms-271-field_1\" class=\"wpforms-field-medium wpforms-field-required\" name=\"wpforms[fields][1]\" spellcheck=\"false\" required><div class=\"wpforms-field-description\">Omple'l amb l'email perqu\u00e8 puguem contactar amb tu<\/div><\/div><div id=\"wpforms-271-field_5-container\" class=\"wpforms-field wpforms-field-number\" data-field-id=\"5\"><label class=\"wpforms-field-label\" for=\"wpforms-271-field_5\">N\u00famero de Tel\u00e8fon <span class=\"wpforms-required-label\">*<\/span><\/label><input type=\"number\" id=\"wpforms-271-field_5\" class=\"wpforms-field-medium wpforms-field-required\" name=\"wpforms[fields][5]\" step=\"any\" required><\/div><div id=\"wpforms-271-field_3-container\" class=\"wpforms-field wpforms-field-text\" data-field-id=\"3\"><label class=\"wpforms-field-label\" for=\"wpforms-271-field_3\">Tema <span class=\"wpforms-required-label\">*<\/span><\/label><input type=\"text\" id=\"wpforms-271-field_3\" class=\"wpforms-field-medium wpforms-field-required\" name=\"wpforms[fields][3]\" required><\/div><div id=\"wpforms-271-field_4-container\" class=\"wpforms-field wpforms-field-textarea\" data-field-id=\"4\"><label class=\"wpforms-field-label\" for=\"wpforms-271-field_4\">Missatge <span class=\"wpforms-required-label\">*<\/span><\/label><textarea id=\"wpforms-271-field_4\" class=\"wpforms-field-medium wpforms-field-required\" name=\"wpforms[fields][4]\" required><\/textarea><div class=\"wpforms-field-description\">Aqu\u00ed podeu indicar el que desitgeu que surti a la informaci\u00f3 del vostre equip, tal com entrenador, coordinador, noms jugadors, informaci\u00f3 sobre dies entrenament, etc etc. Abans de sortir la informaci\u00f3 publicada, contactar\u00e9 amb vosaltres per confirmar-la.<\/div><\/div><\/div><!-- .wpforms-field-container --><div class=\"wpforms-field wpforms-field-hp\"><label for=\"wpforms-271-field-hp\" class=\"wpforms-field-label\">Website<\/label><input type=\"text\" name=\"wpforms[hp]\" id=\"wpforms-271-field-hp\" class=\"wpforms-field-medium\"><\/div><div class=\"wpforms-recaptcha-container wpforms-is-recaptcha wpforms-is-recaptcha-type-invisible\" ><div class=\"g-recaptcha\" data-sitekey=\"6Lc2axUpAAAAANlSUOxi2shNWqHSX1lz96y_pNac\" data-size=\"invisible\"><\/div><\/div><div class=\"wpforms-submit-container\" ><input type=\"hidden\" name=\"wpforms[id]\" value=\"271\"><input type=\"hidden\" name=\"page_title\" value=\"\"><input type=\"hidden\" name=\"page_url\" value=\"https:\/\/voleimasters.cat\/lliga\/wp-json\/wp\/v2\/pages\/2\"><input type=\"hidden\" name=\"url_referer\" value=\"\"><button type=\"submit\" name=\"wpforms[submit]\" id=\"wpforms-submit-271\" class=\"wpforms-submit\" data-alt-text=\"Enviant...\" data-submit-text=\"Enviar\" aria-live=\"assertive\" value=\"wpforms-submit\">Enviar<\/button><\/div><\/form><\/div>  <!-- .wpforms-container -->\n","protected":false},"excerpt":{"rendered":"<p>Aquesta \u00e9s la web de la Lliga M\u00e0sters de Catalunya de V\u00f2lei per a Adults i Veterans organitzada pel CEVO i per Eduvolei . Anirem actualitzant la informaci\u00f3 a mida la vagi rebent. Tingueu paci\u00e8ncia. Si trobeu qualsevol errada o idea de millora no dubteu a contactar amb mi. Contacte: info@voleimasters.cat Web realitzada sense \u00e0nim &hellip; <a href=\"https:\/\/voleimasters.cat\/lliga\/contacte\/\" class=\"more-link\">Continua llegint <span class=\"screen-reader-text\">\u00abContacte\u00bb<\/span><\/a><\/p>\n","protected":false},"author":1,"featured_media":0,"parent":0,"menu_order":0,"comment_status":"closed","ping_status":"open","template":"","meta":{"jetpack_post_was_ever_published":false,"footnotes":""},"class_list":["post-2","page","type-page","status-publish","hentry"],"jetpack_sharing_enabled":true,"jetpack_shortlink":"https:\/\/wp.me\/PalTCX-2","jetpack-related-posts":[{"id":812,"url":"https:\/\/voleimasters.cat\/lliga\/qui-som\/","url_meta":{"origin":2,"position":0},"title":"Qui som","author":"voleimasters_webmaster","date":"19\/11\/2018","format":false,"excerpt":"Aquesta es la web de la Lliga Masters de Catalunya de Volei per Adults i Veterans organitzada pel CEVO i per Eduvolei . Anirem actualitzant l'informaci\u00f3 a mida la vagi rebent. Tingueu paci\u00e8ncia. Si trobeu qualsevol errada o idea de millora no dubteu en contactar amb mi. Aquesta web es\u2026","rel":"","context":"Entrada similar","block_context":{"text":"Entrada similar","link":""},"img":{"alt_text":"","src":"","width":0,"height":0},"classes":[]},{"id":265,"url":"https:\/\/voleimasters.cat\/lliga\/vallbona-veterans\/","url_meta":{"origin":2,"position":1},"title":"Informaci\u00f3 de Vallbona Granollers","author":"voleimasters_webmaster","date":"06\/10\/2018","format":false,"excerpt":"TEMPORADA 22\/23 Fase 2: TEMPORADA 22\/23 Fase 1: Web oficial: aecarlesvallbona.cat Tel\u00e8fon Contacte Club: 649 86 59 54 Email Club: aecvallbona@gmail.com Adre\u00e7a: Pavell\u00f3 de Can Bassa: C\/ Caterina Albert, 16. Granollers. Entrenaments: Dijous de 20.30h a 22.00h \u00a0 \u00a0 Podeu Accedir a Temporades o Fases Anteriors AQUI.","rel":"","context":"Entrada similar","block_context":{"text":"Entrada similar","link":""},"img":{"alt_text":"","src":"https:\/\/i0.wp.com\/voleimasters.cat\/lliga\/wp-content\/uploads\/2018\/10\/Captura-de-pantalla-2018-10-14-a-les-19.38.22.png?resize=350%2C200&ssl=1","width":350,"height":200},"classes":[]},{"id":1270,"url":"https:\/\/voleimasters.cat\/lliga\/patrocinador\/","url_meta":{"origin":2,"position":2},"title":"Patrocinador","author":"voleimasters_webmaster","date":"11\/02\/2019","format":false,"excerpt":"Vols patrocinar aquesta Web? Segur que trobem una manera per que treguis els teus fruits. Envia un email a patrocini@voleimasters.cat","rel":"","context":"Entrada similar","block_context":{"text":"Entrada similar","link":""},"img":{"alt_text":"","src":"https:\/\/i0.wp.com\/voleimasters.cat\/lliga\/wp-content\/uploads\/2019\/02\/vols-patrocinar.gif?resize=350%2C200&ssl=1","width":350,"height":200},"classes":[]},{"id":877,"url":"https:\/\/voleimasters.cat\/lliga\/busco-equip\/","url_meta":{"origin":2,"position":3},"title":"Busco Equip &#8230;","author":"voleimasters_webmaster","date":"30\/11\/2018","format":false,"excerpt":"Si est\u00e0s buscant equip omple aquest formulari i et posarem en contacte amb el coordinador del equip on estiguis interessat (Mira els equips per zones e indica'ns on t'aniria b\u00e9.)","rel":"","context":"Entrada similar","block_context":{"text":"Entrada similar","link":""},"img":{"alt_text":"","src":"","width":0,"height":0},"classes":[]},{"id":989,"url":"https:\/\/voleimasters.cat\/lliga\/informacio-de-cv-cerdanyola\/","url_meta":{"origin":2,"position":4},"title":"Informaci\u00f3 de CV Cerdanyola","author":"voleimasters_webmaster","date":"05\/02\/2019","format":false,"excerpt":"\u00a0 TEMPORADA 24\/25 Fase 2: TEMPORADA 24\/25 Fase 1: TEMPORADA 23\/24 Fase 2: TEMPORADA 23\/24 Fase 1: TEMPORADA 22\/23 Fase 2: TEMPORADA 22\/23 Fase 1: Podeu Accedir a Temporades o Fases Anteriors AQUI. https:\/\/sites.google.com\/view\/clubvoleibolcerdanyola\/inici Seu del Club: PAVELL\u00d3 PARC ESPORTIU GUIERA Local Entitat Avinguda de Guiera 6-8. Cerdanyola del Vall\u00e8s\u2026","rel":"","context":"Entrada similar","block_context":{"text":"Entrada similar","link":""},"img":{"alt_text":"","src":"","width":0,"height":0},"classes":[]},{"id":1661,"url":"https:\/\/voleimasters.cat\/lliga\/informacio-de-castellar\/","url_meta":{"origin":2,"position":5},"title":"Informaci\u00f3 de CV Castellar A","author":"Admin Voleimasters","date":"02\/10\/2019","format":false,"excerpt":"\u00a0 TEMPORADA 24\/25 Fase 2: TEMPORADA 24\/25 Fase 1: TEMPORADA 23\/24 Fase 2: TEMPORADA 23\/24 Fase 1: TEMPORADA 22\/23 Fase 2: TEMPORADA 22\/23 Fase 1: Tel\u00e8fon Contacte Club: 627 26 14 85 Email Club: voleibol@fscastellar.com Adre\u00e7a: Pavell\u00f3 Puigverd C\/ Pa\u00eds Valenci\u00e0 1, Castellar del Vall\u00e8s Entrenaments: dilluns i dimecres de\u2026","rel":"","context":"Entrada similar","block_context":{"text":"Entrada similar","link":""},"img":{"alt_text":"","src":"https:\/\/i0.wp.com\/voleimasters.cat\/lliga\/wp-content\/uploads\/2020\/02\/photo_2020-02-27_11-44-19.jpg?fit=1200%2C900&ssl=1&resize=350%2C200","width":350,"height":200,"srcset":"https:\/\/i0.wp.com\/voleimasters.cat\/lliga\/wp-content\/uploads\/2020\/02\/photo_2020-02-27_11-44-19.jpg?fit=1200%2C900&ssl=1&resize=350%2C200 1x, https:\/\/i0.wp.com\/voleimasters.cat\/lliga\/wp-content\/uploads\/2020\/02\/photo_2020-02-27_11-44-19.jpg?fit=1200%2C900&ssl=1&resize=525%2C300 1.5x, https:\/\/i0.wp.com\/voleimasters.cat\/lliga\/wp-content\/uploads\/2020\/02\/photo_2020-02-27_11-44-19.jpg?fit=1200%2C900&ssl=1&resize=700%2C400 2x, https:\/\/i0.wp.com\/voleimasters.cat\/lliga\/wp-content\/uploads\/2020\/02\/photo_2020-02-27_11-44-19.jpg?fit=1200%2C900&ssl=1&resize=1050%2C600 3x"},"classes":[]}],"jetpack_likes_enabled":false,"_links":{"self":[{"href":"https:\/\/voleimasters.cat\/lliga\/wp-json\/wp\/v2\/pages\/2","targetHints":{"allow":["GET"]}}],"collection":[{"href":"https:\/\/voleimasters.cat\/lliga\/wp-json\/wp\/v2\/pages"}],"about":[{"href":"https:\/\/voleimasters.cat\/lliga\/wp-json\/wp\/v2\/types\/page"}],"author":[{"embeddable":true,"href":"https:\/\/voleimasters.cat\/lliga\/wp-json\/wp\/v2\/users\/1"}],"replies":[{"embeddable":true,"href":"https:\/\/voleimasters.cat\/lliga\/wp-json\/wp\/v2\/comments?post=2"}],"version-history":[{"count":10,"href":"https:\/\/voleimasters.cat\/lliga\/wp-json\/wp\/v2\/pages\/2\/revisions"}],"predecessor-version":[{"id":1581,"href":"https:\/\/voleimasters.cat\/lliga\/wp-json\/wp\/v2\/pages\/2\/revisions\/1581"}],"wp:attachment":[{"href":"https:\/\/voleimasters.cat\/lliga\/wp-json\/wp\/v2\/media?parent=2"}],"curies":[{"name":"wp","href":"https:\/\/api.w.org\/{rel}","templated":true}]}}